{"id":1105,"date":"2021-11-18T11:41:54","date_gmt":"2021-11-18T10:41:54","guid":{"rendered":"https:\/\/adraf.pl\/?page_id=1105"},"modified":"2024-05-28T09:03:31","modified_gmt":"2024-05-28T07:03:31","slug":"kontakt","status":"publish","type":"page","link":"https:\/\/adraf.pl\/de\/kontakt\/","title":{"rendered":"Kontakt "},"content":{"rendered":"<h4>ADRAF | Hersteller von Landmaschinen<\/h4>\n<p>88-210 Dobre, ul. Fabryczna 2D<br \/>\ntel. <a href=\"tel:+48 793 206 014\">+48 793 206 014<\/a><br \/>\ne-mail: <a href=\"mailto:biuro@adraf.pl\">biuro@adraf.pl<\/a><\/p>\n<p>B\u0142a\u017cej Patyk &#8211; Gesch\u00e4ftsf\u00fchrer<br \/>\ntel. <a href=\"tel:+48 882 153 533\">+48 882 153 533<\/a><br \/>\ne-mail: <a href=\"mailto:blazej@adraf.pl\">blazej@adraf.pl<\/a><\/p>\n<h4>Verkaufsabteilung &#8211; Ausland<\/h4>\n<p>Iwona Sawa \u2013 Spezialist f\u00fcr den Export<img loading=\"lazy\" decoding=\"async\" class=\"size-full wp-image-231 alignright\" style=\"margin-left: 80px;\" src=\"\/wp-content\/uploads\/2020\/02\/rosja_flaga.png\" alt=\"\" width=\"30\" height=\"30\" \/><br \/>\ntel. <a href=\"tel:+48 608 595 567\">+48 608 595 567<\/a><br \/>\ne-mail: <a href=\"mailto:iwona@adraf.pl\">iwona@adraf.pl<\/a><\/p>\n<p>Anna Patyk \u2013 Spezialist f\u00fcr den Export<img loading=\"lazy\" decoding=\"async\" class=\"alignright size-full wp-image-232\" style=\"margin-left: 80px; margin-right: 15px;\" src=\"\/wp-content\/uploads\/2020\/02\/ukraina_flaga.png\" alt=\"\" width=\"30\" height=\"30\" \/> <img loading=\"lazy\" decoding=\"async\" class=\"alignright size-full wp-image-231\" src=\"\/wp-content\/uploads\/2020\/02\/rosja_flaga.png\" alt=\"\" width=\"30\" height=\"30\" \/><br \/>\ntel. <a href=\"tel:+48 795 556 173\">+48 795 556 173<\/a><br \/>\ne-mail: <a href=\"mailto:ania@adraf.pl\">ania@adraf.pl<\/a><\/p>\n<p>Arkadiusz Patyk \u2013 Spezialist f\u00fcr den Export<img loading=\"lazy\" decoding=\"async\" class=\"alignright size-full wp-image-230\" style=\"margin-left: 48px;\" src=\"\/wp-content\/uploads\/2020\/02\/uk_flaga.png\" alt=\"\" width=\"30\" height=\"30\" \/><br \/>\ntel. <a href=\"tel:+48 609 072 976\">+48 609 072 976<\/a><br \/>\ne-mail: <a href=\"mailto:arek@adraf.pl\">arek@adraf.pl<\/a><\/p>\n<h4>Verkaufsabteilung &#8211; Land<\/h4>\n<p>Rafa\u0142 Patyk<br \/>\ntel. <a href=\"tel:+48 793 206 014\">+48 793 206 014<\/a><br \/>\ne-mail: <a href=\"mailto:biuro@adraf.pl\">biuro@adraf.pl<\/a><\/p>\n<p>Hubert Guzek<br \/>\ntel. <a href=\"tel:+48 795 556 174\">+48 795 556 174<\/a><br \/>\ne-mail: <a href=\"mailto:hubert@adraf.pl\">hubert@adraf.pl<\/a><\/p>\n<p>Ilona Markiewicz<br \/>\ntel. <a href=\"tel:+48 696 043 698\">+48 696 043 698<\/a><br \/>\ne-mail: <a href=\"mailto:zaopatrzenie@adraf.pl\">zaopatrzenie@adraf.pl<\/a><\/p>\n ","protected":false},"excerpt":{"rendered":"<p>ADRAF | Hersteller von Landmaschinen 88-210 Dobre, ul. Fabryczna 2D tel. +48 793 206 014 e-mail: biuro@adraf.pl B\u0142a\u017cej Patyk &#8211; Gesch\u00e4ftsf\u00fchrer tel. +48 882 153 533 e-mail: blazej@adraf.pl Verkaufsabteilung &#8211; Ausland Iwona Sawa \u2013 Spezialist f\u00fcr den Export tel. +48 608 595 567 e-mail: iwona@adraf.pl Anna Patyk \u2013 Spezialist f\u00fcr den Export tel. +48 795 &hellip; <a href=\"https:\/\/adraf.pl\/de\/kontakt\/\">Continued<\/a><\/p>\n","protected":false},"author":4,"featured_media":0,"parent":0,"menu_order":0,"comment_status":"closed","ping_status":"closed","template":"views\/page-contact.blade.php","meta":{"_acf_changed":false,"footnotes":""},"class_list":["post-1105","page","type-page","status-publish","hentry"],"acf":[],"_links":{"self":[{"href":"https:\/\/adraf.pl\/de\/wp-json\/wp\/v2\/pages\/1105","targetHints":{"allow":["GET"]}}],"collection":[{"href":"https:\/\/adraf.pl\/de\/wp-json\/wp\/v2\/pages"}],"about":[{"href":"https:\/\/adraf.pl\/de\/wp-json\/wp\/v2\/types\/page"}],"author":[{"embeddable":true,"href":"https:\/\/adraf.pl\/de\/wp-json\/wp\/v2\/users\/4"}],"replies":[{"embeddable":true,"href":"https:\/\/adraf.pl\/de\/wp-json\/wp\/v2\/comments?post=1105"}],"version-history":[{"count":5,"href":"https:\/\/adraf.pl\/de\/wp-json\/wp\/v2\/pages\/1105\/revisions"}],"predecessor-version":[{"id":2337,"href":"https:\/\/adraf.pl\/de\/wp-json\/wp\/v2\/pages\/1105\/revisions\/2337"}],"wp:attachment":[{"href":"https:\/\/adraf.pl\/de\/wp-json\/wp\/v2\/media?parent=1105"}],"curies":[{"name":"wp","href":"https:\/\/api.w.org\/{rel}","templated":true}]}}