{"id":1108,"date":"2021-11-18T11:42:41","date_gmt":"2021-11-18T10:42:41","guid":{"rendered":"https:\/\/adraf.pl\/?page_id=1108"},"modified":"2021-11-22T15:57:45","modified_gmt":"2021-11-22T14:57:45","slug":"about-us","status":"publish","type":"page","link":"https:\/\/adraf.pl\/de\/about-us\/","title":{"rendered":"\u00dcber uns "},"content":{"rendered":"<p>Das Unternehmen ADRAF RAFA\u0141 PATYK wurde 2010 gegr\u00fcndet und spezialisiert sich auf die Herstellung von Landmaschinen, Metallverarbeitung und Stahlkonstruktionen.<br \/>\nIn unserem Angebot finden Sie vor allem verschiedene F\u00f6rdermaschinen und Anlagen zur Aufbereitung von Futtermitteln als Sch\u00fcttgut.<\/p>\n<p>Die landwirtschaftlichen Maschinen von Adraf werden auf der Grundlage unserer eigenen Konstruktionen und nach den konkreten Angaben und Bed\u00fcrfnissen unserer Kunden hergestellt.<br \/>\nIm Laufe der Jahre haben wir die notwendigen Erfahrungen und organisatorischen F\u00e4higkeiten zur Ausf\u00fchrung komplexer Auftr\u00e4ge erworben.<\/p>\n<p>Seit 12 Jahren stellen wir effiziente, robuste und einfach zu bedienende Maschinen zum Umsch\u00fctten, Zerkleinern, Zermalmen, Mischen und Zusammenkehren von Korn her. Ein Landwirtschaftsbetrieb erfordert von Landwirten gro\u00dfe finanzielle Aufwendungen und einen schier unendlichen Arbeitseinsatz. Die Landmaschinen von Adraf k\u00f6nnen sie dabei unterst\u00fctzen, da sie die Arbeit besser, billiger und schneller ausf\u00fchren.<\/p>\n<p>Unsere Maschinen zeichnen sich nicht nur durch ihre gut wahrnehmbare und best\u00e4ndige Lackierung aus. Unsere Kunden verwenden auch heute noch jene Maschinen, die sie zu Beginn unserer T\u00e4tigkeit gekauft haben. Das liegt daran, dass wir f\u00fcr unsere Produkte die besten Stahlsorten und Komponenten von f\u00fchrenden Unternehmen in Europa verwenden, aber auch an der Durchf\u00fchrung der Prozesse des Schneidens, Biegens, Schwei\u00dfens und der Montage in unserem Werk.<br \/>\nWenn ein Produkt nicht auf dem Markt erh\u00e4ltlich ist, wird Adraf es entwickeln. Wenn eine L\u00f6sung funktioniert, aber weiterentwickelt werden muss, dann tun wir das f\u00fcr Sie. Wir fertigen auch Maschinen auf der Grundlage von Ideen unserer Kunden.<br \/>\nWenn etwas erschaffen werden kann, das die Arbeit in der Landwirtschaft effizienter macht, dann bauen wir das. Dank unserer gro\u00dfen Produktionskapazit\u00e4ten und unserer flexiblen Arbeitsweise beliefern wir Landwirte und Z\u00fcchter in ganz Europa. Der Garantie- und Nachgarantieservice werden schnell und professionell durchgef\u00fchrt.<br \/>\nJeder Benutzer von Landmaschinen von Adraf, egal, wo er sie gekauft hat, kann sich sicher sein, dass er schnelle und zuverl\u00e4ssige Unterst\u00fctzung von unserem Service erh\u00e4lt.<\/p>\n<p>Au\u00dferdem verbessern wir st\u00e4ndig unsere Ger\u00e4te und erweitern unser Angebot. Wir entwickeln unseren Maschinenpark so weiter, dass er technisch auf dem h\u00f6chsten Stand ist. Somit k\u00f6nnen wir unseren Kunden ein hochpr\u00e4zise hergestelltes Produkt anbieten.<\/p>\n<p>Dank unserer langj\u00e4hrigen Erfahrung in der Entwicklung von Maschinen f\u00fcr den Agrarsektor sind wir bereit f\u00fcr neue Herausforderungen. In K\u00fcrze werden wir die ersten Projekte von Edelstahlanlagen f\u00fcr die Lebensmittelindustrie in unser Angebot aufnehmen.<\/p>\n<p>H\u00f6here Produktivit\u00e4t, einfachere Bedienung, niedrigerer Preis und Benutzerzufriedenheit sind von Anfang an unser Ziel gewesen.<br \/>\nDass wir dieses Ziel erfolgreich erreichen, zeigen die vielen tausend zufriedenen Kunden, deren Zahl st\u00e4ndig w\u00e4chst.<\/p>\n<p>Zukunft ist Modernit\u00e4t, und Adraf ist eng mit ihr verbunden.<\/p>\n ","protected":false},"excerpt":{"rendered":"<p>Das Unternehmen ADRAF RAFA\u0141 PATYK wurde 2010 gegr\u00fcndet und spezialisiert sich auf die Herstellung von Landmaschinen, Metallverarbeitung und Stahlkonstruktionen. In unserem Angebot finden Sie vor allem verschiedene F\u00f6rdermaschinen und Anlagen zur Aufbereitung von Futtermitteln als Sch\u00fcttgut. Die landwirtschaftlichen Maschinen von Adraf werden auf der Grundlage unserer eigenen Konstruktionen und nach den konkreten Angaben und Bed\u00fcrfnissen &hellip; <a href=\"https:\/\/adraf.pl\/de\/about-us\/\">Continued<\/a><\/p>\n","protected":false},"author":4,"featured_media":0,"parent":0,"menu_order":0,"comment_status":"closed","ping_status":"closed","template":"","meta":{"_acf_changed":false,"footnotes":""},"class_list":["post-1108","page","type-page","status-publish","hentry"],"acf":[],"_links":{"self":[{"href":"https:\/\/adraf.pl\/de\/wp-json\/wp\/v2\/pages\/1108","targetHints":{"allow":["GET"]}}],"collection":[{"href":"https:\/\/adraf.pl\/de\/wp-json\/wp\/v2\/pages"}],"about":[{"href":"https:\/\/adraf.pl\/de\/wp-json\/wp\/v2\/types\/page"}],"author":[{"embeddable":true,"href":"https:\/\/adraf.pl\/de\/wp-json\/wp\/v2\/users\/4"}],"replies":[{"embeddable":true,"href":"https:\/\/adraf.pl\/de\/wp-json\/wp\/v2\/comments?post=1108"}],"version-history":[{"count":3,"href":"https:\/\/adraf.pl\/de\/wp-json\/wp\/v2\/pages\/1108\/revisions"}],"predecessor-version":[{"id":1417,"href":"https:\/\/adraf.pl\/de\/wp-json\/wp\/v2\/pages\/1108\/revisions\/1417"}],"wp:attachment":[{"href":"https:\/\/adraf.pl\/de\/wp-json\/wp\/v2\/media?parent=1108"}],"curies":[{"name":"wp","href":"https:\/\/api.w.org\/{rel}","templated":true}]}}