{"id":1777,"date":"2022-03-22T15:21:44","date_gmt":"2022-03-22T14:21:44","guid":{"rendered":"https:\/\/adraf.pl\/?page_id=1777"},"modified":"2022-03-22T15:21:44","modified_gmt":"2022-03-22T14:21:44","slug":"a-propos-de-la-societe","status":"publish","type":"page","link":"https:\/\/adraf.pl\/fr\/a-propos-de-la-societe\/","title":{"rendered":"\u00c0 propos de la soci\u00e9t\u00e9 "},"content":{"rendered":"<p>La soci\u00e9t\u00e9 ADRAF RAFA\u0141 PATYK a&nbsp;\u00e9t\u00e9 cr\u00e9\u00e9e en 2010. Nous produisons des machines agricoles, nous r\u00e9alisons l&rsquo;usinage des m\u00e9taux et des constructions m\u00e9talliques.<br \/>\nL\u2019essentiel de notre offre comprend des machines de convoyage et des \u00e9quipements pour la pr\u00e9paration des aliments en vrac.<\/p>\n<p>Les machines agricoles d\u2019Adraf, sont des projets r\u00e9alis\u00e9s en interne qui respectent les besoins du client et suivant les indications des clients.<br \/>\nAu fil des ans, nous avons su acqu\u00e9rir une exp\u00e9rience et une organisation n\u00e9cessaires \u00e0 la r\u00e9alisation de commandes complexes.<\/p>\n<p>Depuis 12\u00a0ans, nous fabriquons des machines pour tamiser, moudre, \u00e9craser, m\u00e9langer et remuer vos c\u00e9r\u00e9ales qui sont efficaces, robustes et faciles \u00e0 utiliser. L\u2019exploitation d\u2019une ferme exige beaucoup d\u2019argent et un travail \u00e9norme de la part des agriculteurs, et les machines agricoles Adraf permettent de mieux r\u00e9aliser les t\u00e2ches, plus rapidement et de mani\u00e8re plus \u00e9conomique.<\/p>\n<p>Nos machines ne se distinguent pas seulement par la couleur de leur peinture claire et durable. Nos clients continuent d&rsquo;utiliser les \u00e9quipements achet\u00e9s au tout d\u00e9but de notre activit\u00e9, la durabilit\u00e9 est due au fait que nous utilisons la meilleure qualit\u00e9 d\u2019acier dans nos produits, des composants provenant des meilleures entreprises europ\u00e9ennes, et que les aciers sont d\u00e9coup\u00e9s, pli\u00e9s, soud\u00e9s et assembl\u00e9s dans notre usine.<br \/>\nSi un produit n\u2019existe pas sur le march\u00e9, Adraf le cr\u00e9era. Si quelque chose fonctionne, nous l\u2019am\u00e9liorons. Nous fabriquons \u00e9galement des machines selon les projets de nos clients.<br \/>\nSi quelque chose peut \u00eatre cr\u00e9\u00e9 pour mieux g\u00e9rer la ferme, nous le construirons. C\u2019est cette \u00e9norme capacit\u00e9 et cette approche flexible qui nous permet de gagner des clients agriculteurs et \u00e9leveurs, dans toute l\u2019Europe. Nous r\u00e9agissons rapidement et professionnellement pour les demandes d&rsquo;interventions sous garantie et les services post-garantie.<br \/>\nChaque utilisateur de machines agricoles fabriqu\u00e9es par Adraf, peu importe o\u00f9 il ach\u00e8te, peut \u00eatre s\u00fbr qu\u2019il recevra une assistance rapide et fiable de la part de notre service apr\u00e8s-vente.<\/p>\n<p>Nous travaillons constamment \u00e0 l\u2019am\u00e9lioration de nos \u00e9quipements et \u00e0 l\u2019\u00e9largissement de notre gamme. Nous am\u00e9liorons nos machines pour \u00eatre toujours au plus haut niveau technique, afin de pouvoir offrir \u00e0 nos clients un produit fabriqu\u00e9 avec une grande pr\u00e9cision.<\/p>\n<p>Gr\u00e2ce \u00e0 notre longue exp\u00e9rience acquise dans la cr\u00e9ation des machines pour le secteur agricole, nous sommes pr\u00eats \u00e0 relever de nouveaux d\u00e9fis \u2013 nous allons bient\u00f4t introduire dans notre gamme les premiers mod\u00e8les de machines en acier inoxydable pour l\u2019industrie alimentaire.<\/p>\n<p>Une productivit\u00e9 accrue, un fonctionnement plus facile, un prix plus bas et la satisfaction des utilisateurs ont toujours \u00e9t\u00e9 nos objectifs.<br \/>\nNous avons atteint cet objectif, comme en t\u00e9moignent les milliers de clients satisfaits et dont le nombre ne cesse de cro\u00eetre.<\/p>\n<p>La soci\u00e9t\u00e9 Adraf a&nbsp;confiance dans l\u2019avenir et la modernit\u00e9.<\/p>\n ","protected":false},"excerpt":{"rendered":"<p>La soci\u00e9t\u00e9 ADRAF RAFA\u0141 PATYK a&nbsp;\u00e9t\u00e9 cr\u00e9\u00e9e en 2010. Nous produisons des machines agricoles, nous r\u00e9alisons l&rsquo;usinage des m\u00e9taux et des constructions m\u00e9talliques. L\u2019essentiel de notre offre comprend des machines de convoyage et des \u00e9quipements pour la pr\u00e9paration des aliments en vrac. Les machines agricoles d\u2019Adraf, sont des projets r\u00e9alis\u00e9s en interne qui respectent les &hellip; <a href=\"https:\/\/adraf.pl\/fr\/a-propos-de-la-societe\/\">Continued<\/a><\/p>\n","protected":false},"author":4,"featured_media":0,"parent":0,"menu_order":0,"comment_status":"closed","ping_status":"closed","template":"","meta":{"_acf_changed":false,"footnotes":""},"class_list":["post-1777","page","type-page","status-publish","hentry"],"acf":[],"_links":{"self":[{"href":"https:\/\/adraf.pl\/fr\/wp-json\/wp\/v2\/pages\/1777","targetHints":{"allow":["GET"]}}],"collection":[{"href":"https:\/\/adraf.pl\/fr\/wp-json\/wp\/v2\/pages"}],"about":[{"href":"https:\/\/adraf.pl\/fr\/wp-json\/wp\/v2\/types\/page"}],"author":[{"embeddable":true,"href":"https:\/\/adraf.pl\/fr\/wp-json\/wp\/v2\/users\/4"}],"replies":[{"embeddable":true,"href":"https:\/\/adraf.pl\/fr\/wp-json\/wp\/v2\/comments?post=1777"}],"version-history":[{"count":1,"href":"https:\/\/adraf.pl\/fr\/wp-json\/wp\/v2\/pages\/1777\/revisions"}],"predecessor-version":[{"id":1778,"href":"https:\/\/adraf.pl\/fr\/wp-json\/wp\/v2\/pages\/1777\/revisions\/1778"}],"wp:attachment":[{"href":"https:\/\/adraf.pl\/fr\/wp-json\/wp\/v2\/media?parent=1777"}],"curies":[{"name":"wp","href":"https:\/\/api.w.org\/{rel}","templated":true}]}}