{"id":1779,"date":"2022-03-23T09:37:30","date_gmt":"2022-03-23T08:37:30","guid":{"rendered":"https:\/\/adraf.pl\/?page_id=1779"},"modified":"2024-05-28T09:03:13","modified_gmt":"2024-05-28T07:03:13","slug":"contacter","status":"publish","type":"page","link":"https:\/\/adraf.pl\/fr\/contacter\/","title":{"rendered":"Contacter "},"content":{"rendered":"<h4>ADRAF | Fabricant de machines agricoles<\/h4>\n<p>88-210 Dobre, ul. Fabryczna 2D<br \/>\ntel. <a href=\"tel:+48 793 206 014\">+48 793 206 014<\/a><br \/>\ne-mail: <a href=\"mailto:biuro@adraf.pl\">biuro@adraf.pl<\/a><\/p>\n<p>B\u0142a\u017cej Patyk &#8211; Dyrektor zarz\u0105dzaj\u0105cy<br \/>\ntel. <a href=\"tel:+48 882 153 533\">+48 882 153 533<\/a><br \/>\ne-mail: <a href=\"mailto:blazej@adraf.pl\">blazej@adraf.pl<\/a><\/p>\n<h4>D\u00e9partement des ventes \u2013 pays \u00e9trangers<br \/>\n\u2013 Responsable de l\u2019exportation<\/h4>\n<p>Iwona Sawa \u2013 Specjalista ds. eksportu<img loading=\"lazy\" decoding=\"async\" class=\"size-full wp-image-231 alignright\" style=\"margin-left: 80px;\" src=\"\/wp-content\/uploads\/2020\/02\/rosja_flaga.png\" alt=\"\" width=\"30\" height=\"30\" \/><br \/>\ntel. <a href=\"tel:+48 608 595 567\">+48 608 595 567<\/a><br \/>\ne-mail: <a href=\"mailto:iwona@adraf.pl\">iwona@adraf.pl<\/a><\/p>\n<p>Anna Patyk \u2013 Specjalista ds. eksportu <img loading=\"lazy\" decoding=\"async\" class=\"alignright size-full wp-image-232\" style=\"margin-left: 80px; margin-right: 15px;\" src=\"\/wp-content\/uploads\/2020\/02\/ukraina_flaga.png\" alt=\"\" width=\"30\" height=\"30\" \/> <img loading=\"lazy\" decoding=\"async\" class=\"alignright size-full wp-image-231\" src=\"\/wp-content\/uploads\/2020\/02\/rosja_flaga.png\" alt=\"\" width=\"30\" height=\"30\" \/><br \/>\ntel. <a href=\"tel:+48 795 556 173\">+48 795 556 173<\/a><br \/>\ne-mail: <a href=\"mailto:ania@adraf.pl\">ania@adraf.pl<\/a><\/p>\n<p>Arkadiusz Patyk \u2013 Specjalista ds. eksportu <img loading=\"lazy\" decoding=\"async\" class=\"alignright size-full wp-image-230\" style=\"margin-left: 48px;\" src=\"\/wp-content\/uploads\/2020\/02\/uk_flaga.png\" alt=\"\" width=\"30\" height=\"30\" \/><br \/>\ntel. <a href=\"tel:+48 609 072 976\">+48 609 072 976<\/a><br \/>\ne-mail: <a href=\"mailto:arek@adraf.pl\">arek@adraf.pl<\/a><\/p>\n<h4>D\u00e9partement des ventes \u2013 Pays<\/h4>\n<p>Rafa\u0142 Patyk<br \/>\ntel. <a href=\"tel:+48 793 206 014\">+48 793 206 014<\/a><br \/>\ne-mail: <a href=\"mailto:biuro@adraf.pl\">biuro@adraf.pl<\/a><\/p>\n<p>Hubert Guzek<br \/>\ntel. <a href=\"tel:+48 795 556 174\">+48 795 556 174<\/a><br \/>\ne-mail: <a href=\"mailto:hubert@adraf.pl\">hubert@adraf.pl<\/a><\/p>\n<p>Ilona Markiewicz<br \/>\ntel. <a href=\"tel:+48 696 043 698\">+48 696 043 698<\/a><br \/>\ne-mail: <a href=\"mailto:zaopatrzenie@adraf.pl\">zaopatrzenie@adraf.pl<\/a><\/p>\n ","protected":false},"excerpt":{"rendered":"<p>ADRAF | Fabricant de machines agricoles 88-210 Dobre, ul. Fabryczna 2D tel. +48 793 206 014 e-mail: biuro@adraf.pl B\u0142a\u017cej Patyk &#8211; Dyrektor zarz\u0105dzaj\u0105cy tel. +48 882 153 533 e-mail: blazej@adraf.pl D\u00e9partement des ventes \u2013 pays \u00e9trangers \u2013 Responsable de l\u2019exportation Iwona Sawa \u2013 Specjalista ds. eksportu tel. +48 608 595 567 e-mail: iwona@adraf.pl Anna Patyk &hellip; <a href=\"https:\/\/adraf.pl\/fr\/contacter\/\">Continued<\/a><\/p>\n","protected":false},"author":4,"featured_media":0,"parent":0,"menu_order":0,"comment_status":"closed","ping_status":"closed","template":"views\/page-contact.blade.php","meta":{"_acf_changed":false,"footnotes":""},"class_list":["post-1779","page","type-page","status-publish","hentry"],"acf":[],"_links":{"self":[{"href":"https:\/\/adraf.pl\/fr\/wp-json\/wp\/v2\/pages\/1779","targetHints":{"allow":["GET"]}}],"collection":[{"href":"https:\/\/adraf.pl\/fr\/wp-json\/wp\/v2\/pages"}],"about":[{"href":"https:\/\/adraf.pl\/fr\/wp-json\/wp\/v2\/types\/page"}],"author":[{"embeddable":true,"href":"https:\/\/adraf.pl\/fr\/wp-json\/wp\/v2\/users\/4"}],"replies":[{"embeddable":true,"href":"https:\/\/adraf.pl\/fr\/wp-json\/wp\/v2\/comments?post=1779"}],"version-history":[{"count":4,"href":"https:\/\/adraf.pl\/fr\/wp-json\/wp\/v2\/pages\/1779\/revisions"}],"predecessor-version":[{"id":2336,"href":"https:\/\/adraf.pl\/fr\/wp-json\/wp\/v2\/pages\/1779\/revisions\/2336"}],"wp:attachment":[{"href":"https:\/\/adraf.pl\/fr\/wp-json\/wp\/v2\/media?parent=1779"}],"curies":[{"name":"wp","href":"https:\/\/api.w.org\/{rel}","templated":true}]}}