{"id":1803,"date":"2022-03-23T09:49:19","date_gmt":"2022-03-23T08:49:19","guid":{"rendered":"https:\/\/adraf.pl\/?page_id=1803"},"modified":"2022-03-29T13:01:02","modified_gmt":"2022-03-29T11:01:02","slug":"adraf-fabricant-de-machines-agricoles","status":"publish","type":"page","link":"https:\/\/adraf.pl\/fr\/","title":{"rendered":"ADRAF | Fabricant de machines agricoles "},"content":{"rendered":"<h3>\u00c0 propos de la soci\u00e9t\u00e9<\/h3>\n<h2>La soci\u00e9t\u00e9 ADRAF<\/h2>\n<p>La soci\u00e9t\u00e9 ADRAF RAFA\u0141 PATYK a&nbsp;\u00e9t\u00e9 cr\u00e9\u00e9e en 2010. Nous produisons des machines agricoles, nous r\u00e9alisons l&rsquo;usinage des m\u00e9taux et des constructions m\u00e9talliques. L\u2019essentiel de notre offre comprend des machines de convoyage et des \u00e9quipements pour la pr\u00e9paration des aliments en vrac.<\/p>\n<p>Les machines agricoles d\u2019Adraf, sont des projets r\u00e9alis\u00e9s en interne qui respectent les besoins du client et suivant les indications des clients.<br \/>\nAu fil des ans, nous avons su acqu\u00e9rir une exp\u00e9rience et une organisation n\u00e9cessaires \u00e0 la r\u00e9alisation de commandes complexes.<\/p>\n<p>&nbsp;<\/p>\n<p class=\"text-center text-lg-right\"><a class=\"btn btn-primary btn-lg text-white text-uppercase\" href=\"\/o-firmie\/\">Lire la suite<\/a><\/p>\n ","protected":false},"excerpt":{"rendered":"<p>\u00c0 propos de la soci\u00e9t\u00e9 La soci\u00e9t\u00e9 ADRAF La soci\u00e9t\u00e9 ADRAF RAFA\u0141 PATYK a&nbsp;\u00e9t\u00e9 cr\u00e9\u00e9e en 2010. Nous produisons des machines agricoles, nous r\u00e9alisons l&rsquo;usinage des m\u00e9taux et des constructions m\u00e9talliques. L\u2019essentiel de notre offre comprend des machines de convoyage et des \u00e9quipements pour la pr\u00e9paration des aliments en vrac. Les machines agricoles d\u2019Adraf, sont &hellip; <a href=\"https:\/\/adraf.pl\/fr\/\">Continued<\/a><\/p>\n","protected":false},"author":4,"featured_media":1768,"parent":0,"menu_order":0,"comment_status":"closed","ping_status":"closed","template":"","meta":{"_acf_changed":false,"footnotes":""},"class_list":["post-1803","page","type-page","status-publish","has-post-thumbnail","hentry"],"acf":[],"_links":{"self":[{"href":"https:\/\/adraf.pl\/fr\/wp-json\/wp\/v2\/pages\/1803","targetHints":{"allow":["GET"]}}],"collection":[{"href":"https:\/\/adraf.pl\/fr\/wp-json\/wp\/v2\/pages"}],"about":[{"href":"https:\/\/adraf.pl\/fr\/wp-json\/wp\/v2\/types\/page"}],"author":[{"embeddable":true,"href":"https:\/\/adraf.pl\/fr\/wp-json\/wp\/v2\/users\/4"}],"replies":[{"embeddable":true,"href":"https:\/\/adraf.pl\/fr\/wp-json\/wp\/v2\/comments?post=1803"}],"version-history":[{"count":3,"href":"https:\/\/adraf.pl\/fr\/wp-json\/wp\/v2\/pages\/1803\/revisions"}],"predecessor-version":[{"id":1860,"href":"https:\/\/adraf.pl\/fr\/wp-json\/wp\/v2\/pages\/1803\/revisions\/1860"}],"wp:featuredmedia":[{"embeddable":true,"href":"https:\/\/adraf.pl\/fr\/wp-json\/wp\/v2\/media\/1768"}],"wp:attachment":[{"href":"https:\/\/adraf.pl\/fr\/wp-json\/wp\/v2\/media?parent=1803"}],"curies":[{"name":"wp","href":"https:\/\/api.w.org\/{rel}","templated":true}]}}