{"id":1101,"date":"2021-11-18T11:39:27","date_gmt":"2021-11-18T10:39:27","guid":{"rendered":"https:\/\/adraf.pl\/?page_id=1101"},"modified":"2021-11-26T08:21:35","modified_gmt":"2021-11-26T07:21:35","slug":"przykladowa-strona","status":"publish","type":"page","link":"https:\/\/adraf.pl\/ru\/","title":{"rendered":"Adraf &#8212; Polski Producent Maszyn Rolniczych "},"content":{"rendered":"<h3>o firmie<\/h3>\n<h2>Firma Adraf<\/h2>\n<p>powsta\u0142a w&nbsp;2010r. Zajmujemy si\u0119&nbsp;produkcj\u0105 maszyn rolniczych, obr\u00f3bk\u0105 metali i&nbsp;konstrukcjami ze&nbsp;stali. G\u0142\u00f3wn\u0105 cz\u0119\u015b\u0107 Naszej oferty stanowi\u0105 r\u00f3\u017cnorodne maszyny transportuj\u0105ce i&nbsp;urz\u0105dzenia do&nbsp;przygotowywania pasz sypkich.<\/p>\n<p>Prace wykonujemy na&nbsp;podstawie w\u0142asnych projekt\u00f3w oraz&nbsp;dokumentacji klienta i&nbsp;jego potrzeb. Na&nbsp;przestrzeni lat zdobyli\u015bmy niezb\u0119dne do\u015bwiadczenie i&nbsp;umiej\u0119tno\u015bci organizacyjne dla&nbsp;realizacji skomplikowanych zlece\u0144.<\/p>\n<p>&nbsp;<\/p>\n<p class=\"text-center text-lg-right\"><a class=\"btn btn-primary btn-lg text-white text-uppercase\" href=\"\/o-firmie\/\">\u0447\u0438\u0442\u0430\u0442\u044c \u0434\u0430\u043b\u0435\u0435<\/a><\/p>\n ","protected":false},"excerpt":{"rendered":"<p>o firmie Firma Adraf powsta\u0142a w&nbsp;2010r. Zajmujemy si\u0119&nbsp;produkcj\u0105 maszyn rolniczych, obr\u00f3bk\u0105 metali i&nbsp;konstrukcjami ze&nbsp;stali. G\u0142\u00f3wn\u0105 cz\u0119\u015b\u0107 Naszej oferty stanowi\u0105 r\u00f3\u017cnorodne maszyny transportuj\u0105ce i&nbsp;urz\u0105dzenia do&nbsp;przygotowywania pasz sypkich. Prace wykonujemy na&nbsp;podstawie w\u0142asnych projekt\u00f3w oraz&nbsp;dokumentacji klienta i&nbsp;jego potrzeb. Na&nbsp;przestrzeni lat zdobyli\u015bmy niezb\u0119dne do\u015bwiadczenie i&nbsp;umiej\u0119tno\u015bci organizacyjne dla&nbsp;realizacji skomplikowanych zlece\u0144. &nbsp;<\/p>\n","protected":false},"author":4,"featured_media":1537,"parent":0,"menu_order":0,"comment_status":"closed","ping_status":"closed","template":"","meta":{"_acf_changed":false,"footnotes":""},"class_list":["post-1101","page","type-page","status-publish","has-post-thumbnail","hentry"],"acf":[],"_links":{"self":[{"href":"https:\/\/adraf.pl\/ru\/wp-json\/wp\/v2\/pages\/1101","targetHints":{"allow":["GET"]}}],"collection":[{"href":"https:\/\/adraf.pl\/ru\/wp-json\/wp\/v2\/pages"}],"about":[{"href":"https:\/\/adraf.pl\/ru\/wp-json\/wp\/v2\/types\/page"}],"author":[{"embeddable":true,"href":"https:\/\/adraf.pl\/ru\/wp-json\/wp\/v2\/users\/4"}],"replies":[{"embeddable":true,"href":"https:\/\/adraf.pl\/ru\/wp-json\/wp\/v2\/comments?post=1101"}],"version-history":[{"count":2,"href":"https:\/\/adraf.pl\/ru\/wp-json\/wp\/v2\/pages\/1101\/revisions"}],"predecessor-version":[{"id":1354,"href":"https:\/\/adraf.pl\/ru\/wp-json\/wp\/v2\/pages\/1101\/revisions\/1354"}],"wp:featuredmedia":[{"embeddable":true,"href":"https:\/\/adraf.pl\/ru\/wp-json\/wp\/v2\/media\/1537"}],"wp:attachment":[{"href":"https:\/\/adraf.pl\/ru\/wp-json\/wp\/v2\/media?parent=1101"}],"curies":[{"name":"wp","href":"https:\/\/api.w.org\/{rel}","templated":true}]}}